{"id":34,"date":"2019-03-12T04:12:12","date_gmt":"2019-03-12T04:12:12","guid":{"rendered":"https:\/\/restart.waw.pl\/?page_id=34"},"modified":"2022-04-25T12:00:54","modified_gmt":"2022-04-25T12:00:54","slug":"porady-behawioralne-czyli-jak-moge-ci-pomoc","status":"publish","type":"page","link":"https:\/\/restart.waw.pl\/","title":{"rendered":"Konsultacja behawioralna, czyli jak mog\u0119 Ci pom\u00f3c."},"content":{"rendered":"\n<p class=\"has-text-align-center\"><strong> Koty to indywiduali\u015bci chodz\u0105cy w\u0142asnymi \u015bcie\u017ckami. Maj\u0105 swoje potrzeby, kt\u00f3rym czasem nie \u0142atwo jest sprosta\u0107. Niekiedy doprowadza to do zgrzyt\u00f3w i rzutuje na relacji z w\u0142a\u015bcicielem. Czasem pojawiaj\u0105 si\u0119 te\u017c zachowania, kt\u00f3re s\u0105 niepo\u017c\u0105dane, a opiekunowie nie wiedz\u0105, jak z nimi walczy\u0107 i sobie z nimi poradzi\u0107. Je\u015bli nale\u017cysz do tego grona opiekun\u00f3w nie tra\u0107 czasu i zasi\u0119gnij fachowej porady. <\/strong><\/p>\n\n\n\n<figure class=\"wp-block-image\"><img loading=\"lazy\" decoding=\"async\" width=\"1024\" height=\"681\" src=\"https:\/\/restart.waw.pl\/wp-content\/uploads\/2019\/03\/pexels-photo-1277485-1024x681.jpeg\" alt=\"\" class=\"wp-image-14\" srcset=\"https:\/\/restart.waw.pl\/wp-content\/uploads\/2019\/03\/pexels-photo-1277485-1024x681.jpeg 1024w, https:\/\/restart.waw.pl\/wp-content\/uploads\/2019\/03\/pexels-photo-1277485-300x199.jpeg 300w, https:\/\/restart.waw.pl\/wp-content\/uploads\/2019\/03\/pexels-photo-1277485-768x511.jpeg 768w, https:\/\/restart.waw.pl\/wp-content\/uploads\/2019\/03\/pexels-photo-1277485.jpeg 1280w\" sizes=\"auto, (max-width: 1024px) 100vw, 1024px\" \/><\/figure>\n\n\n\n<p>W mojej pracy spotykam si\u0119 z r\u00f3\u017cnymi typami osobowo\u015bci zar\u00f3wno kot\u00f3w, jak ich opiekun\u00f3w. Czasami problem jaki zaistnia\u0142 w domu ma proste rozwi\u0105zanie i w kr\u00f3tkim czasie udaje si\u0119 naprawi\u0107 sytuacje. S\u0105 sytuacje, \u017ce wymaga to du\u017co pracy i stara\u0144 z obydwu stron. Je\u015bli jednak mamy ch\u0119ci i pragniemy naprawy relacji na pewno uda si\u0119 rozwi\u0105za\u0107 wszystkie zaistnia\u0142e problemy.<\/p>\n\n\n\n<figure class=\"wp-block-image\"><img loading=\"lazy\" decoding=\"async\" width=\"1024\" height=\"682\" src=\"https:\/\/restart.waw.pl\/wp-content\/uploads\/2019\/07\/pexels-photo-1674724-1024x682.jpeg\" alt=\"\" class=\"wp-image-52\" srcset=\"https:\/\/restart.waw.pl\/wp-content\/uploads\/2019\/07\/pexels-photo-1674724-1024x682.jpeg 1024w, https:\/\/restart.waw.pl\/wp-content\/uploads\/2019\/07\/pexels-photo-1674724-300x200.jpeg 300w, https:\/\/restart.waw.pl\/wp-content\/uploads\/2019\/07\/pexels-photo-1674724-768x512.jpeg 768w, https:\/\/restart.waw.pl\/wp-content\/uploads\/2019\/07\/pexels-photo-1674724.jpeg 1280w\" sizes=\"auto, (max-width: 1024px) 100vw, 1024px\" \/><\/figure>\n\n\n\n<p> Niekiedy zdarza si\u0119, \u017ce k\u0142opoty, jakie zaistnia\u0142y w domu maj\u0105 pod\u0142o\u017ce zdrowotne i bez ingerencji weterynarza rozwi\u0105zanie sprawy nie jest mo\u017cliwe. Dlatego te\u017c zawsze przed konsultacj\u0105 wymagam aktualnych bada\u0144 pupila. Chodzi o to, bym mia\u0142a pewno\u015b\u0107, \u017ce mo\u017cna skupi\u0107 si\u0119 na psychice kota i jego zachowanie nie jest podyktowane dolegliwo\u015bciami fizycznymi. Do podstawowych bada\u0144 nale\u017c\u0105: badanie krwi &#8211; morfologia (dobrze, by by\u0142a wzbogacona o biochemi\u0119), badanie moczu (og\u00f3lne) i badanie ka\u0142u ( na obecno\u015b\u0107 paso\u017cyt\u00f3w). Z tak\u0105 wiedz\u0105 lepiej mog\u0119 dobra\u0107 metod\u0119, jak\u0105 mo\u017cna pracowa\u0107 z konkretnym zwierzakiem. Jestem dyplomowanym technikiem weterynarii, wi\u0119c mimo ewentualnych schorze\u0144 bez problemu mog\u0119 podj\u0105\u0107 dzia\u0142ania dotycz\u0105ce poprawy relacji z kotem.<\/p>\n\n\n\n<figure class=\"wp-block-image\"><img loading=\"lazy\" decoding=\"async\" width=\"1024\" height=\"682\" src=\"https:\/\/restart.waw.pl\/wp-content\/uploads\/2019\/07\/animal-3338555_1280-2-1024x682.jpg\" alt=\"\" class=\"wp-image-56\" srcset=\"https:\/\/restart.waw.pl\/wp-content\/uploads\/2019\/07\/animal-3338555_1280-2-1024x682.jpg 1024w, https:\/\/restart.waw.pl\/wp-content\/uploads\/2019\/07\/animal-3338555_1280-2-300x200.jpg 300w, https:\/\/restart.waw.pl\/wp-content\/uploads\/2019\/07\/animal-3338555_1280-2-768x512.jpg 768w, https:\/\/restart.waw.pl\/wp-content\/uploads\/2019\/07\/animal-3338555_1280-2.jpg 1280w\" sizes=\"auto, (max-width: 1024px) 100vw, 1024px\" \/><\/figure>\n\n\n\n<p> Je\u015bli, wi\u0119c masz pewno\u015b\u0107, \u017ce chcesz zmieni\u0107 i poprawi\u0107 relacje ze swoim ma\u0142ym drapie\u017cnikiem, nie kr\u0119puj si\u0119 tylko zasi\u0119gnij porady. Mog\u0119 pom\u00f3c w sprawach dotycz\u0105cych:<\/p>\n\n\n\n<ul class=\"wp-block-list\"><li>za\u0142atwiania si\u0119 poza kuwet\u0105<\/li><\/ul>\n\n\n\n<ul class=\"wp-block-list\"><li>brudzenia w domu<\/li><\/ul>\n\n\n\n<ul class=\"wp-block-list\"><li>niszczenia przedmiot\u00f3w np. zrzucania doniczek z kwiatami<\/li><\/ul>\n\n\n\n<ul class=\"wp-block-list\"><li>drapania mebli<\/li><\/ul>\n\n\n\n<ul class=\"wp-block-list\"><li>wprowadzenia nowego domownika<\/li><\/ul>\n\n\n\n<ul class=\"wp-block-list\"><li>socjalizacja z rezydentami<\/li><\/ul>\n\n\n\n<ul class=\"wp-block-list\"><li>agresja do ludzi lub innych zwierz\u0105t<\/li><\/ul>\n\n\n\n<ul class=\"wp-block-list\"><li>zachowa\u0144 \u0142owieckich (atakowanie r\u0105k, n\u00f3g)<\/li><\/ul>\n\n\n\n<ul class=\"wp-block-list\"><li>nudy ( wokalizja, uporczywe miauczenie)<\/li><\/ul>\n\n\n\n<ul class=\"wp-block-list\"><li>zaburze\u0144 \u0142aknienia (problemy z jedzeniem)<\/li><\/ul>\n\n\n\n<ul class=\"wp-block-list\"><li>problemy zwi\u0105zane z wiekiem (ma\u0142e kociaki, seniorzy)<\/li><\/ul>\n\n\n\n<ul class=\"wp-block-list\"><li>wyborze zwierzaka z adopcji<\/li><\/ul>\n\n\n\n<figure class=\"wp-block-image\"><img loading=\"lazy\" decoding=\"async\" width=\"1024\" height=\"652\" src=\"https:\/\/restart.waw.pl\/wp-content\/uploads\/2019\/07\/cat-1978356_1280-1024x652.jpg\" alt=\"\" class=\"wp-image-58\" srcset=\"https:\/\/restart.waw.pl\/wp-content\/uploads\/2019\/07\/cat-1978356_1280-1024x652.jpg 1024w, https:\/\/restart.waw.pl\/wp-content\/uploads\/2019\/07\/cat-1978356_1280-300x191.jpg 300w, https:\/\/restart.waw.pl\/wp-content\/uploads\/2019\/07\/cat-1978356_1280-768x489.jpg 768w, https:\/\/restart.waw.pl\/wp-content\/uploads\/2019\/07\/cat-1978356_1280.jpg 1280w\" sizes=\"auto, (max-width: 1024px) 100vw, 1024px\" \/><\/figure>\n\n\n\n<p>Pierwsza wizyta jest u Pa\u0144stwa domu, najlepiej w obecno\u015bci wszystkich domownik\u00f3w. Trwa oko\u0142o 1h do 2h\n w zale\u017cno\u015bci od ilo\u015bci zwierz\u0105t. Polega ona na wywiadzie, kt\u00f3ry ma \npom\u00f3c w zrozumieniu i rozwi\u0105zaniu zaistnia\u0142ych problem\u00f3w. W trakcie \ntakiej porady dostaj\u0105 Pa\u0144stwo wst\u0119pne wskaz\u00f3wki jak pracowa\u0107, \u017ce zwierzakiem, kt\u00f3re nast\u0119pnie zostan\u0105 przes\u0142ane droga elektroniczn\u0105.<br>Nast\u0119pna wizyta odbywa si\u0119 po up\u0142ywie wyznaczonego czasu na wprowadzenie zmian i obserwacji, jakie daje efekty.\n\n<\/p>\n\n\n\n<p> <\/p>\n","protected":false},"excerpt":{"rendered":"<div class=\"mh-excerpt\"><p>Koty to indywiduali\u015bci chodz\u0105cy w\u0142asnymi \u015bcie\u017ckami. Maj\u0105 swoje potrzeby, kt\u00f3rym czasem nie \u0142atwo jest sprosta\u0107. Niekiedy doprowadza to do zgrzyt\u00f3w i rzutuje na relacji z <a class=\"mh-excerpt-more\" href=\"https:\/\/restart.waw.pl\/\" title=\"Konsultacja behawioralna, czyli jak mog\u0119 Ci pom\u00f3c.\">[&#8230;]<\/a><\/p>\n<\/div>","protected":false},"author":1,"featured_media":57,"parent":0,"menu_order":0,"comment_status":"closed","ping_status":"closed","template":"","meta":{"footnotes":""},"class_list":["post-34","page","type-page","status-publish","has-post-thumbnail","hentry"],"_links":{"self":[{"href":"https:\/\/restart.waw.pl\/index.php?rest_route=\/wp\/v2\/pages\/34","targetHints":{"allow":["GET"]}}],"collection":[{"href":"https:\/\/restart.waw.pl\/index.php?rest_route=\/wp\/v2\/pages"}],"about":[{"href":"https:\/\/restart.waw.pl\/index.php?rest_route=\/wp\/v2\/types\/page"}],"author":[{"embeddable":true,"href":"https:\/\/restart.waw.pl\/index.php?rest_route=\/wp\/v2\/users\/1"}],"replies":[{"embeddable":true,"href":"https:\/\/restart.waw.pl\/index.php?rest_route=%2Fwp%2Fv2%2Fcomments&post=34"}],"version-history":[{"count":4,"href":"https:\/\/restart.waw.pl\/index.php?rest_route=\/wp\/v2\/pages\/34\/revisions"}],"predecessor-version":[{"id":207,"href":"https:\/\/restart.waw.pl\/index.php?rest_route=\/wp\/v2\/pages\/34\/revisions\/207"}],"wp:featuredmedia":[{"embeddable":true,"href":"https:\/\/restart.waw.pl\/index.php?rest_route=\/wp\/v2\/media\/57"}],"wp:attachment":[{"href":"https:\/\/restart.waw.pl\/index.php?rest_route=%2Fwp%2Fv2%2Fmedia&parent=34"}],"curies":[{"name":"wp","href":"https:\/\/api.w.org\/{rel}","templated":true}]}}